{"id":419873,"date":"2020-07-08T20:14:37","date_gmt":"2020-07-08T18:14:37","guid":{"rendered":"https:\/\/www.bigstamping.com\/producto\/tinta-textil-para-ministamps\/"},"modified":"2024-06-15T11:22:11","modified_gmt":"2024-06-15T10:22:11","slug":"ink-textile-for-minicarimbos","status":"publish","type":"product","link":"https:\/\/www.bigstamping.com\/pt-pt\/producto\/ink-textile-for-minicarimbos\/","title":{"rendered":"Tinta t\u00eaxtil (Para mini-carimbos)"},"content":{"rendered":"","protected":false},"excerpt":{"rendered":"<h2>PEDIU-O! ALMOFADAS DE TINTA T\u00caXTIL PARA UTILIZA\u00c7\u00c3O COM CARIMBOS!<\/h2>\n<p>Apresentamos-lhe a solu\u00e7\u00e3o mais f\u00e1cil para estampar os seus tecidos com os nossos pequenos carimbos.<\/p>\n[acordeon_personalizado]<\/p>\n<p>[pestana_acordeon_personalizado titulo=\"O que \u00e9 exatamente a tinta t\u00eaxtil Versacraf?t?\"]<\/p>\n<p>Esta \u00e9 uma tinta especial para aplica\u00e7\u00e3o em tecidos. \u00c9 uma tinta t\u00eaxtil \u00e0 base de \u00e1gua em formato de almofada (medindo 7,5 x 4,5 cm \/ 2,95 x 1,77 in.) <strong>perfeita para utilizar com os nossos MiniStamps.<\/strong><\/p>\n<p>[\/pestana_acordeon_personalizado]<\/p>\n<p>[pestana_acordeon_personalizado titulo=\"Como \u00e9 que o utilizo?\"]<\/p>\n<p>Ap\u00f3s a aplica\u00e7\u00e3o, deixe secar durante 2 horas e, em seguida, passe a ferro a impress\u00e3o no verso ou aplique uma fonte de calor para fixar a impress\u00e3o.<\/p>\n<p><strong>As almofadas de tinta t\u00eaxtil Versacraft<\/strong> s\u00e3o adequadas para v\u00e1rios tecidos tais como algod\u00e3o, linho, seda, rayon ou poli\u00e9ster.<\/p>\n<p>Tamb\u00e9m pode ser aplicado em superf\u00edcies como madeira natural, couro, papel ou cer\u00e2mica n\u00e3o vidrada.<\/p>\n<p>Depois de passar a ferro, o tecido pode ser lavado a 30\u00b0C e a tinta n\u00e3o se esfrega. \u00d3ptimo, n\u00e3o \u00e9?<\/p>\n<p>Escolha de entre as cores que sugerimos e n\u00e3o se esque\u00e7a, n\u00e3o se esque\u00e7a de deixar cair pe\u00e7as de vestu\u00e1rio estampadas secas!<\/p>\n<p>[\/pestana_acordeon_personalizado]<\/p>\n<p>[pestana_acordeon_personalizado titulo=\"Como posso encomendar?\"]<\/p>\n<p>Para encomendar este produto, basta selecionar a sua cor preferida, escolher a quantidade (por defeito, \u00e9 selecionada uma unidade) e clicar no bot\u00e3o \u201cAdicionar ao carrinho\u201d. Este tipo de tinta n\u00e3o est\u00e1 inclu\u00eddo nos kits, mas pode encomendar as quantidades e cores que desejar, repetindo o mesmo processo. \ud83d\ude09<\/p>\n<p><strong>\u00b7 M\u00e9todos de pagamento aceites: Cart\u00f5es de d\u00e9bito\/cr\u00e9dito e Paypal.<\/strong><\/p>\n<p>[\/pestana_acordeon_personalizado]<\/p>\n<p>[pestana_acordeon_personalizado titulo=\"Prazos de entrega e custos de envio\"]<\/p>\n<p>Enviamos para todos os pa\u00edses da Comunidade Econ\u00f3mica Europeia. Tamb\u00e9m enviamos para os Estados Unidos, Reino Unido, Turquia, Su\u00ed\u00e7a, Canad\u00e1, Austr\u00e1lia, Chile, Emirados \u00c1rabes Unidos e Jap\u00e3o.<\/p>\n<p><strong>Prazos de entrega<\/strong><\/p>\n<p>A partir do momento em que efectua a sua encomenda, e se n\u00e3o houver problemas com o desenho, a sua encomenda demorar\u00e1 cerca de <strong>7 a 15 dias \u00fateis a ser entregue<\/strong>.<\/p>\n<p><span style=\"text-decoration: underline;\"><strong>*NOTA:<\/strong><\/span> N\u00e3o nos responsabilizamos por eventuais atrasos causados por empresas de transporte ou entidades de controlo.<\/p>\n<p><strong>Custo das transfer\u00eancias<\/strong><\/p>\n<p>O custo do envio \u00e9 calculado automaticamente pelo s\u00edtio Web em fun\u00e7\u00e3o do pa\u00eds e dos artigos adicionados ao carrinho.<\/p>\n<p>Pode obter transporte gratuito a partir de 100 euros, dependendo do destino da entrega Para obter informa\u00e7\u00f5es mais pormenorizadas sobre os custos de envio e os montantes necess\u00e1rios para a entrega gratuita, <a href=\"https:\/\/www.bigstamping.com\/pt-pt\/faq\/\">consulte a sec\u00e7\u00e3o FAQ<\/a> e verifique as condi\u00e7\u00f5es aplic\u00e1veis ao seu endere\u00e7o.<\/p>\n<p>[\/pestana_acordeon_personalizado]<\/p>\n<p>[\/acordeon_personalizado]\n","protected":false},"featured_media":419714,"template":"","meta":{"_acf_changed":false,"_genesis_hide_title":false,"_genesis_hide_breadcrumbs":false,"_genesis_hide_singular_image":false,"_genesis_hide_footer_widgets":false,"_genesis_custom_body_class":"","_genesis_custom_post_class":"","_genesis_layout":""},"product_brand":[],"product_cat":[262],"product_tag":[],"class_list":{"0":"post-419873","1":"product","2":"type-product","3":"status-publish","4":"has-post-thumbnail","6":"product_cat-acessorios","7":"entry","9":"first","10":"instock","11":"taxable","12":"shipping-taxable","13":"purchasable","14":"product-type-variable"},"acf":[],"yoast_head":"<!-- This site is optimized with the Yoast SEO plugin v26.7 - https:\/\/yoast.com\/wordpress\/plugins\/seo\/ -->\n<title>Tinta t\u00eaxtil (Para mini-carimbos) - BigStamping<\/title>\n<meta name=\"description\" content=\"Almofadas de tinta t\u00eaxtil perfeitas para pequenos carimbos. Personalizar o vestu\u00e1rio e tamb\u00e9m em madeira natural, couro, papel ou cer\u00e2mica n\u00e3o vidrada.\" \/>\n<meta name=\"robots\" content=\"index, follow, max-snippet:-1, max-image-preview:large, max-video-preview:-1\" \/>\n<link rel=\"canonical\" href=\"https:\/\/www.bigstamping.com\/pt-pt\/producto\/ink-textile-for-minicarimbos\/\" \/>\n<meta property=\"og:locale\" content=\"pt_PT\" \/>\n<meta property=\"og:type\" content=\"article\" \/>\n<meta property=\"og:title\" content=\"Tinta t\u00eaxtil (Para mini-carimbos) - BigStamping\" \/>\n<meta property=\"og:description\" content=\"Almofadas de tinta t\u00eaxtil perfeitas para pequenos carimbos. Personalizar o vestu\u00e1rio e tamb\u00e9m em madeira natural, couro, papel ou cer\u00e2mica n\u00e3o vidrada.\" \/>\n<meta property=\"og:url\" content=\"https:\/\/www.bigstamping.com\/pt-pt\/producto\/ink-textile-for-minicarimbos\/\" \/>\n<meta property=\"og:site_name\" content=\"BigStamping\" \/>\n<meta property=\"article:publisher\" content=\"https:\/\/www.facebook.com\/Bigstamping-241206903231462\/\" \/>\n<meta property=\"article:modified_time\" content=\"2024-06-15T10:22:11+00:00\" \/>\n<meta property=\"og:image\" content=\"https:\/\/www.bigstamping.com\/wp-content\/uploads\/2023\/02\/portada-tinta-versacraf.jpg\" \/>\n\t<meta property=\"og:image:width\" content=\"300\" \/>\n\t<meta property=\"og:image:height\" content=\"300\" \/>\n\t<meta property=\"og:image:type\" content=\"image\/jpeg\" \/>\n<meta name=\"twitter:card\" content=\"summary_large_image\" \/>\n<meta name=\"twitter:site\" content=\"@Bigstamping\" \/>\n<meta name=\"twitter:label1\" content=\"Tempo estimado de leitura\" \/>\n\t<meta name=\"twitter:data1\" content=\"1 minuto\" \/>\n<script type=\"application\/ld+json\" class=\"yoast-schema-graph\">{\"@context\":\"https:\/\/schema.org\",\"@graph\":[{\"@type\":\"WebPage\",\"@id\":\"https:\/\/www.bigstamping.com\/pt-pt\/producto\/ink-textile-for-minicarimbos\/\",\"url\":\"https:\/\/www.bigstamping.com\/pt-pt\/producto\/ink-textile-for-minicarimbos\/\",\"name\":\"Tinta t\u00eaxtil (Para mini-carimbos) - BigStamping\",\"isPartOf\":{\"@id\":\"https:\/\/www.bigstamping.com\/#website\"},\"primaryImageOfPage\":{\"@id\":\"https:\/\/www.bigstamping.com\/pt-pt\/producto\/ink-textile-for-minicarimbos\/#primaryimage\"},\"image\":{\"@id\":\"https:\/\/www.bigstamping.com\/pt-pt\/producto\/ink-textile-for-minicarimbos\/#primaryimage\"},\"thumbnailUrl\":\"https:\/\/www.bigstamping.com\/wp-content\/uploads\/2023\/02\/portada-tinta-versacraf.jpg\",\"datePublished\":\"2020-07-08T18:14:37+00:00\",\"dateModified\":\"2024-06-15T10:22:11+00:00\",\"description\":\"Almofadas de tinta t\u00eaxtil perfeitas para pequenos carimbos. Personalizar o vestu\u00e1rio e tamb\u00e9m em madeira natural, couro, papel ou cer\u00e2mica n\u00e3o vidrada.\",\"breadcrumb\":{\"@id\":\"https:\/\/www.bigstamping.com\/pt-pt\/producto\/ink-textile-for-minicarimbos\/#breadcrumb\"},\"inLanguage\":\"pt-PT\",\"potentialAction\":[{\"@type\":\"ReadAction\",\"target\":[\"https:\/\/www.bigstamping.com\/pt-pt\/producto\/ink-textile-for-minicarimbos\/\"]}]},{\"@type\":\"ImageObject\",\"inLanguage\":\"pt-PT\",\"@id\":\"https:\/\/www.bigstamping.com\/pt-pt\/producto\/ink-textile-for-minicarimbos\/#primaryimage\",\"url\":\"https:\/\/www.bigstamping.com\/wp-content\/uploads\/2023\/02\/portada-tinta-versacraf.jpg\",\"contentUrl\":\"https:\/\/www.bigstamping.com\/wp-content\/uploads\/2023\/02\/portada-tinta-versacraf.jpg\",\"width\":300,\"height\":300,\"caption\":\"Tinta amarilla para tejidos en almohadilla\"},{\"@type\":\"BreadcrumbList\",\"@id\":\"https:\/\/www.bigstamping.com\/pt-pt\/producto\/ink-textile-for-minicarimbos\/#breadcrumb\",\"itemListElement\":[{\"@type\":\"ListItem\",\"position\":1,\"name\":\"Portada\",\"item\":\"https:\/\/www.bigstamping.com\/en\/\"},{\"@type\":\"ListItem\",\"position\":2,\"name\":\"Tinta t\u00eaxtil (Para mini-carimbos)\"}]},{\"@type\":\"WebSite\",\"@id\":\"https:\/\/www.bigstamping.com\/#website\",\"url\":\"https:\/\/www.bigstamping.com\/\",\"name\":\"BigStamping\",\"description\":\"Sellos de gran tama\u00f1o para stampear\",\"publisher\":{\"@id\":\"https:\/\/www.bigstamping.com\/#organization\"},\"potentialAction\":[{\"@type\":\"SearchAction\",\"target\":{\"@type\":\"EntryPoint\",\"urlTemplate\":\"https:\/\/www.bigstamping.com\/?s={search_term_string}\"},\"query-input\":{\"@type\":\"PropertyValueSpecification\",\"valueRequired\":true,\"valueName\":\"search_term_string\"}}],\"inLanguage\":\"pt-PT\"},{\"@type\":\"Organization\",\"@id\":\"https:\/\/www.bigstamping.com\/#organization\",\"name\":\"BigStamping\",\"url\":\"https:\/\/www.bigstamping.com\/\",\"logo\":{\"@type\":\"ImageObject\",\"inLanguage\":\"pt-PT\",\"@id\":\"https:\/\/www.bigstamping.com\/#\/schema\/logo\/image\/\",\"url\":\"https:\/\/www.bigstamping.com\/wp-content\/uploads\/2018\/12\/big-stamper-amarillo.jpg\",\"contentUrl\":\"https:\/\/www.bigstamping.com\/wp-content\/uploads\/2018\/12\/big-stamper-amarillo.jpg\",\"width\":293,\"height\":300,\"caption\":\"BigStamping\"},\"image\":{\"@id\":\"https:\/\/www.bigstamping.com\/#\/schema\/logo\/image\/\"},\"sameAs\":[\"https:\/\/www.facebook.com\/Bigstamping-241206903231462\/\",\"https:\/\/x.com\/Bigstamping\",\"https:\/\/www.instagram.com\/bigstamping\/\",\"https:\/\/www.youtube.com\/channel\/UC_l3jNsBYYC-Ds9pzcZy_Vg\"]}]}<\/script>\n<!-- \/ Yoast SEO plugin. -->","yoast_head_json":{"title":"Tinta t\u00eaxtil (Para mini-carimbos) - BigStamping","description":"Almofadas de tinta t\u00eaxtil perfeitas para pequenos carimbos. Personalizar o vestu\u00e1rio e tamb\u00e9m em madeira natural, couro, papel ou cer\u00e2mica n\u00e3o vidrada.","robots":{"index":"index","follow":"follow","max-snippet":"max-snippet:-1","max-image-preview":"max-image-preview:large","max-video-preview":"max-video-preview:-1"},"canonical":"https:\/\/www.bigstamping.com\/pt-pt\/producto\/ink-textile-for-minicarimbos\/","og_locale":"pt_PT","og_type":"article","og_title":"Tinta t\u00eaxtil (Para mini-carimbos) - BigStamping","og_description":"Almofadas de tinta t\u00eaxtil perfeitas para pequenos carimbos. Personalizar o vestu\u00e1rio e tamb\u00e9m em madeira natural, couro, papel ou cer\u00e2mica n\u00e3o vidrada.","og_url":"https:\/\/www.bigstamping.com\/pt-pt\/producto\/ink-textile-for-minicarimbos\/","og_site_name":"BigStamping","article_publisher":"https:\/\/www.facebook.com\/Bigstamping-241206903231462\/","article_modified_time":"2024-06-15T10:22:11+00:00","og_image":[{"width":300,"height":300,"url":"https:\/\/www.bigstamping.com\/wp-content\/uploads\/2023\/02\/portada-tinta-versacraf.jpg","type":"image\/jpeg"}],"twitter_card":"summary_large_image","twitter_site":"@Bigstamping","twitter_misc":{"Tempo estimado de leitura":"1 minuto"},"schema":{"@context":"https:\/\/schema.org","@graph":[{"@type":"WebPage","@id":"https:\/\/www.bigstamping.com\/pt-pt\/producto\/ink-textile-for-minicarimbos\/","url":"https:\/\/www.bigstamping.com\/pt-pt\/producto\/ink-textile-for-minicarimbos\/","name":"Tinta t\u00eaxtil (Para mini-carimbos) - BigStamping","isPartOf":{"@id":"https:\/\/www.bigstamping.com\/#website"},"primaryImageOfPage":{"@id":"https:\/\/www.bigstamping.com\/pt-pt\/producto\/ink-textile-for-minicarimbos\/#primaryimage"},"image":{"@id":"https:\/\/www.bigstamping.com\/pt-pt\/producto\/ink-textile-for-minicarimbos\/#primaryimage"},"thumbnailUrl":"https:\/\/www.bigstamping.com\/wp-content\/uploads\/2023\/02\/portada-tinta-versacraf.jpg","datePublished":"2020-07-08T18:14:37+00:00","dateModified":"2024-06-15T10:22:11+00:00","description":"Almofadas de tinta t\u00eaxtil perfeitas para pequenos carimbos. Personalizar o vestu\u00e1rio e tamb\u00e9m em madeira natural, couro, papel ou cer\u00e2mica n\u00e3o vidrada.","breadcrumb":{"@id":"https:\/\/www.bigstamping.com\/pt-pt\/producto\/ink-textile-for-minicarimbos\/#breadcrumb"},"inLanguage":"pt-PT","potentialAction":[{"@type":"ReadAction","target":["https:\/\/www.bigstamping.com\/pt-pt\/producto\/ink-textile-for-minicarimbos\/"]}]},{"@type":"ImageObject","inLanguage":"pt-PT","@id":"https:\/\/www.bigstamping.com\/pt-pt\/producto\/ink-textile-for-minicarimbos\/#primaryimage","url":"https:\/\/www.bigstamping.com\/wp-content\/uploads\/2023\/02\/portada-tinta-versacraf.jpg","contentUrl":"https:\/\/www.bigstamping.com\/wp-content\/uploads\/2023\/02\/portada-tinta-versacraf.jpg","width":300,"height":300,"caption":"Tinta amarilla para tejidos en almohadilla"},{"@type":"BreadcrumbList","@id":"https:\/\/www.bigstamping.com\/pt-pt\/producto\/ink-textile-for-minicarimbos\/#breadcrumb","itemListElement":[{"@type":"ListItem","position":1,"name":"Portada","item":"https:\/\/www.bigstamping.com\/en\/"},{"@type":"ListItem","position":2,"name":"Tinta t\u00eaxtil (Para mini-carimbos)"}]},{"@type":"WebSite","@id":"https:\/\/www.bigstamping.com\/#website","url":"https:\/\/www.bigstamping.com\/","name":"BigStamping","description":"Sellos de gran tama\u00f1o para stampear","publisher":{"@id":"https:\/\/www.bigstamping.com\/#organization"},"potentialAction":[{"@type":"SearchAction","target":{"@type":"EntryPoint","urlTemplate":"https:\/\/www.bigstamping.com\/?s={search_term_string}"},"query-input":{"@type":"PropertyValueSpecification","valueRequired":true,"valueName":"search_term_string"}}],"inLanguage":"pt-PT"},{"@type":"Organization","@id":"https:\/\/www.bigstamping.com\/#organization","name":"BigStamping","url":"https:\/\/www.bigstamping.com\/","logo":{"@type":"ImageObject","inLanguage":"pt-PT","@id":"https:\/\/www.bigstamping.com\/#\/schema\/logo\/image\/","url":"https:\/\/www.bigstamping.com\/wp-content\/uploads\/2018\/12\/big-stamper-amarillo.jpg","contentUrl":"https:\/\/www.bigstamping.com\/wp-content\/uploads\/2018\/12\/big-stamper-amarillo.jpg","width":293,"height":300,"caption":"BigStamping"},"image":{"@id":"https:\/\/www.bigstamping.com\/#\/schema\/logo\/image\/"},"sameAs":["https:\/\/www.facebook.com\/Bigstamping-241206903231462\/","https:\/\/x.com\/Bigstamping","https:\/\/www.instagram.com\/bigstamping\/","https:\/\/www.youtube.com\/channel\/UC_l3jNsBYYC-Ds9pzcZy_Vg"]}]}},"_links":{"self":[{"href":"https:\/\/www.bigstamping.com\/pt-pt\/wp-json\/wp\/v2\/product\/419873","targetHints":{"allow":["GET"]}}],"collection":[{"href":"https:\/\/www.bigstamping.com\/pt-pt\/wp-json\/wp\/v2\/product"}],"about":[{"href":"https:\/\/www.bigstamping.com\/pt-pt\/wp-json\/wp\/v2\/types\/product"}],"version-history":[{"count":0,"href":"https:\/\/www.bigstamping.com\/pt-pt\/wp-json\/wp\/v2\/product\/419873\/revisions"}],"wp:featuredmedia":[{"embeddable":true,"href":"https:\/\/www.bigstamping.com\/pt-pt\/wp-json\/wp\/v2\/media\/419714"}],"wp:attachment":[{"href":"https:\/\/www.bigstamping.com\/pt-pt\/wp-json\/wp\/v2\/media?parent=419873"}],"wp:term":[{"taxonomy":"product_brand","embeddable":true,"href":"https:\/\/www.bigstamping.com\/pt-pt\/wp-json\/wp\/v2\/product_brand?post=419873"},{"taxonomy":"product_cat","embeddable":true,"href":"https:\/\/www.bigstamping.com\/pt-pt\/wp-json\/wp\/v2\/product_cat?post=419873"},{"taxonomy":"product_tag","embeddable":true,"href":"https:\/\/www.bigstamping.com\/pt-pt\/wp-json\/wp\/v2\/product_tag?post=419873"}],"curies":[{"name":"wp","href":"https:\/\/api.w.org\/{rel}","templated":true}]}}